{"id":2909,"date":"2021-03-26T00:08:00","date_gmt":"2021-03-25T21:08:00","guid":{"rendered":"http:\/\/demo.asmekanik.com.tr\/?page_id=2909"},"modified":"2021-03-31T12:18:20","modified_gmt":"2021-03-31T09:18:20","slug":"muhendislik","status":"publish","type":"page","link":"https:\/\/www.asmekanik.com.tr\/?page_id=2909","title":{"rendered":"M\u00fchendislik Hizmetlerimiz"},"content":{"rendered":"\t\t<div data-elementor-type=\"wp-post\" data-elementor-id=\"2909\" class=\"elementor elementor-2909\" data-elementor-settings=\"[]\">\n\t\t\t\t\t\t\t<div class=\"elementor-section-wrap\">\n\t\t\t\t\t\t\t<section class=\"elementor-section elementor-top-section elementor-element elementor-element-69054a0 elementor-section-boxed elementor-section-height-default elementor-section-height-default\" data-id=\"69054a0\" data-element_type=\"section\">\n\t\t\t\t\t\t<div class=\"elementor-container elementor-column-gap-default\">\n\t\t\t\t\t<div class=\"elementor-column elementor-col-100 elementor-top-column elementor-element elementor-element-8bec390\" data-id=\"8bec390\" data-element_type=\"column\">\n\t\t\t<div class=\"elementor-widget-wrap elementor-element-populated\">\n\t\t\t\t\t\t\t\t<section class=\"elementor-section elementor-inner-section elementor-element elementor-element-c0ee88b elementor-section-boxed elementor-section-height-default elementor-section-height-default\" data-id=\"c0ee88b\" data-element_type=\"section\">\n\t\t\t\t\t\t<div class=\"elementor-container elementor-column-gap-no\">\n\t\t\t\t\t<div class=\"elementor-column elementor-col-50 elementor-inner-column elementor-element elementor-element-23d8ce5\" data-id=\"23d8ce5\" data-element_type=\"column\">\n\t\t\t<div class=\"elementor-widget-wrap elementor-element-populated\">\n\t\t\t\t\t\t\t\t<div class=\"elementor-element elementor-element-fb3c6a8 elementor-widget elementor-widget-text-editor\" data-id=\"fb3c6a8\" data-element_type=\"widget\" data-widget_type=\"text-editor.default\">\n\t\t\t\t<div class=\"elementor-widget-container\">\n\t\t\t\t\t<div class=\"elementor-text-editor elementor-clearfix\"><h2><strong>Asmekanik<\/strong>; end\u00fcstriyel \u0131s\u0131tma ve so\u011futma sistemleri, s\u0131hhi tesisat, domestik sistemleri ve mekanik taahh\u00fct alanlar\u0131nda hizmet vermektedir.<\/h2><\/div>\n\t\t\t\t<\/div>\n\t\t\t\t<\/div>\n\t\t\t\t\t<\/div>\n\t\t<\/div>\n\t\t\t\t<div class=\"elementor-column elementor-col-50 elementor-inner-column elementor-element elementor-element-384c65f\" data-id=\"384c65f\" data-element_type=\"column\">\n\t\t\t<div class=\"elementor-widget-wrap elementor-element-populated\">\n\t\t\t\t\t\t\t\t<div class=\"elementor-element elementor-element-1652a82 elementor-widget elementor-widget-sm-slider\" data-id=\"1652a82\" data-element_type=\"widget\" data-widget_type=\"sm-slider.default\">\n\t\t\t\t<div class=\"elementor-widget-container\">\n\t\t\t\n\t\t<div class=\"man_slider owl-carousel\">\n\t\t\t\t\t\t\t\t\t\t\t<div class=\"man_slider_item elementor-repeater-item-efedb7d style_1\">\n\n\t\t\t\t\t\t\t<div class=\"man_slider_item_over\"><\/div>\n\n\t\t\t\t\t\t\t\n\t\t\t\t\t\t\t\t<div class=\"man_slider_over_text parallax_title\"><\/div>\n\n\t\t\t\t\t\t\t\t<div class=\"container\">\n\t\t\t\t\t\t\t\t\t<div class=\"man_slider_item_title_cont\">\n\n\t\t\t\t\t\t\t\t\t\t<div class=\"man_slider_item_title\">\n\t\t\t\t\t\t\t\t\t\t\t\t\t\t\t\t\t\t\t\t\t<\/div>\n\t\t\t\t\t\t\t\t\t\t<div class=\"man_slider_item_text \">\n\t\t\t\t\t\t\t\t\t\t\t\t\t\t\t\t\t\t\t\t\t<\/div>\n\n\t\t\t\t\t\t\t\t\t\t\n\t\t\t\t\t\t\t\t\t<\/div>\n\t\t\t\t\t\t\t\t<\/div>\n\n\t\t\t\t\t\t\n\t\t\t\t\t\t<\/div>\n\t\t\t\t\t\t\t\t\t\t\t<div class=\"man_slider_item elementor-repeater-item-0d2d00d style_1\">\n\n\t\t\t\t\t\t\t<div class=\"man_slider_item_over\"><\/div>\n\n\t\t\t\t\t\t\t\n\t\t\t\t\t\t\t\t<div class=\"man_slider_over_text parallax_title\"><\/div>\n\n\t\t\t\t\t\t\t\t<div class=\"container\">\n\t\t\t\t\t\t\t\t\t<div class=\"man_slider_item_title_cont\">\n\n\t\t\t\t\t\t\t\t\t\t<div class=\"man_slider_item_title\">\n\t\t\t\t\t\t\t\t\t\t\t\t\t\t\t\t\t\t\t\t\t<\/div>\n\t\t\t\t\t\t\t\t\t\t<div class=\"man_slider_item_text \">\n\t\t\t\t\t\t\t\t\t\t\t\t\t\t\t\t\t\t\t\t\t<\/div>\n\n\t\t\t\t\t\t\t\t\t\t\n\t\t\t\t\t\t\t\t\t<\/div>\n\t\t\t\t\t\t\t\t<\/div>\n\n\t\t\t\t\t\t\n\t\t\t\t\t\t<\/div>\n\t\t\t\t\t\n\t\t<\/div>\n\n\n\t\t\t<\/div>\n\t\t\t\t<\/div>\n\t\t\t\t\t<\/div>\n\t\t<\/div>\n\t\t\t\t\t\t\t<\/div>\n\t\t<\/section>\n\t\t\t\t\t<\/div>\n\t\t<\/div>\n\t\t\t\t\t\t\t<\/div>\n\t\t<\/section>\n\t\t\t\t<section class=\"elementor-section elementor-top-section elementor-element elementor-element-e0408f4 elementor-section-boxed elementor-section-height-default elementor-section-height-default elementor-invisible\" data-id=\"e0408f4\" data-element_type=\"section\" data-settings=\"{&quot;background_background&quot;:&quot;classic&quot;,&quot;animation&quot;:&quot;fadeIn&quot;}\">\n\t\t\t\t\t\t<div class=\"elementor-container elementor-column-gap-default\">\n\t\t\t\t\t<div class=\"elementor-column elementor-col-100 elementor-top-column elementor-element elementor-element-5e1e34d\" data-id=\"5e1e34d\" data-element_type=\"column\">\n\t\t\t<div class=\"elementor-widget-wrap elementor-element-populated\">\n\t\t\t\t\t\t\t\t<div class=\"elementor-element elementor-element-b22cdeb elementor-widget elementor-widget-heading\" data-id=\"b22cdeb\" data-element_type=\"widget\" data-widget_type=\"heading.default\">\n\t\t\t\t<div class=\"elementor-widget-container\">\n\t\t\t<h2 class=\"elementor-heading-title elementor-size-default elementor-heading-title elementor-size-default elementor-align-after-center\">Onlar Bize G\u00fcvendiler<\/h2>\t\t<\/div>\n\t\t\t\t<\/div>\n\t\t\t\t<div class=\"man_gallery_slider elementor-element elementor-element-98be377 elementor-widget elementor-widget-image-gallery\" data-items=\"5\" data-id=\"98be377\" data-element_type=\"widget\" data-widget_type=\"image-gallery.default\">\n\t\t\t\t<div class=\"elementor-widget-container\">\n\t\t\t\t\t<div class=\"elementor-image-gallery\">\n\t\t\t<div id='gallery-1' class='gallery galleryid-2909 gallery-columns-5 gallery-size-woocommerce_thumbnail'><figure class='gallery-item'>\n\t\t\t<div class='gallery-icon landscape'>\n\t\t\t\t<a data-elementor-open-lightbox=\"no\" href='https:\/\/www.asmekanik.com.tr\/wp-content\/uploads\/2021\/03\/sekurologo.jpg'><img loading=\"lazy\" decoding=\"async\" width=\"300\" height=\"150\" src=\"https:\/\/www.asmekanik.com.tr\/wp-content\/uploads\/2021\/03\/sekurologo.jpg\" class=\"attachment-woocommerce_thumbnail size-woocommerce_thumbnail\" alt=\"\" srcset=\"https:\/\/www.asmekanik.com.tr\/wp-content\/uploads\/2021\/03\/sekurologo.jpg 300w, https:\/\/www.asmekanik.com.tr\/wp-content\/uploads\/2021\/03\/sekurologo-150x75.jpg 150w, https:\/\/www.asmekanik.com.tr\/wp-content\/uploads\/2021\/03\/sekurologo-285x143.jpg 285w\" sizes=\"auto, (max-width: 300px) 100vw, 300px\" \/><\/a>\n\t\t\t<\/div><\/figure><figure class='gallery-item'>\n\t\t\t<div class='gallery-icon landscape'>\n\t\t\t\t<a data-elementor-open-lightbox=\"no no\" href='https:\/\/www.asmekanik.com.tr\/wp-content\/uploads\/2021\/03\/demlogo.jpg'><img loading=\"lazy\" decoding=\"async\" width=\"300\" height=\"150\" src=\"https:\/\/www.asmekanik.com.tr\/wp-content\/uploads\/2021\/03\/demlogo.jpg\" class=\"attachment-woocommerce_thumbnail size-woocommerce_thumbnail\" alt=\"\" srcset=\"https:\/\/www.asmekanik.com.tr\/wp-content\/uploads\/2021\/03\/demlogo.jpg 300w, https:\/\/www.asmekanik.com.tr\/wp-content\/uploads\/2021\/03\/demlogo-285x143.jpg 285w, https:\/\/www.asmekanik.com.tr\/wp-content\/uploads\/2021\/03\/demlogo-150x75.jpg 150w\" sizes=\"auto, (max-width: 300px) 100vw, 300px\" \/><\/a>\n\t\t\t<\/div><\/figure><figure class='gallery-item'>\n\t\t\t<div class='gallery-icon landscape'>\n\t\t\t\t<a data-elementor-open-lightbox=\"no no no\" href='https:\/\/www.asmekanik.com.tr\/wp-content\/uploads\/2021\/03\/ibraslogo.png'><img loading=\"lazy\" decoding=\"async\" width=\"300\" height=\"150\" src=\"https:\/\/www.asmekanik.com.tr\/wp-content\/uploads\/2021\/03\/ibraslogo.png\" class=\"attachment-woocommerce_thumbnail size-woocommerce_thumbnail\" alt=\"\" srcset=\"https:\/\/www.asmekanik.com.tr\/wp-content\/uploads\/2021\/03\/ibraslogo.png 300w, https:\/\/www.asmekanik.com.tr\/wp-content\/uploads\/2021\/03\/ibraslogo-150x75.png 150w, https:\/\/www.asmekanik.com.tr\/wp-content\/uploads\/2021\/03\/ibraslogo-285x143.png 285w\" sizes=\"auto, (max-width: 300px) 100vw, 300px\" \/><\/a>\n\t\t\t<\/div><\/figure><figure class='gallery-item'>\n\t\t\t<div class='gallery-icon landscape'>\n\t\t\t\t<a data-elementor-open-lightbox=\"no no no no\" href='https:\/\/www.asmekanik.com.tr\/wp-content\/uploads\/2021\/03\/faureca-logo.jpg'><img loading=\"lazy\" decoding=\"async\" width=\"300\" height=\"150\" src=\"https:\/\/www.asmekanik.com.tr\/wp-content\/uploads\/2021\/03\/faureca-logo.jpg\" class=\"attachment-woocommerce_thumbnail size-woocommerce_thumbnail\" alt=\"\" srcset=\"https:\/\/www.asmekanik.com.tr\/wp-content\/uploads\/2021\/03\/faureca-logo.jpg 300w, https:\/\/www.asmekanik.com.tr\/wp-content\/uploads\/2021\/03\/faureca-logo-285x143.jpg 285w, https:\/\/www.asmekanik.com.tr\/wp-content\/uploads\/2021\/03\/faureca-logo-150x75.jpg 150w\" sizes=\"auto, (max-width: 300px) 100vw, 300px\" \/><\/a>\n\t\t\t<\/div><\/figure><figure class='gallery-item'>\n\t\t\t<div class='gallery-icon landscape'>\n\t\t\t\t<a data-elementor-open-lightbox=\"no no no no no\" href='https:\/\/www.asmekanik.com.tr\/wp-content\/uploads\/2021\/03\/pega-2.png'><img loading=\"lazy\" decoding=\"async\" width=\"300\" height=\"150\" src=\"https:\/\/www.asmekanik.com.tr\/wp-content\/uploads\/2021\/03\/pega-2.png\" class=\"attachment-woocommerce_thumbnail size-woocommerce_thumbnail\" alt=\"\" srcset=\"https:\/\/www.asmekanik.com.tr\/wp-content\/uploads\/2021\/03\/pega-2.png 300w, https:\/\/www.asmekanik.com.tr\/wp-content\/uploads\/2021\/03\/pega-2-150x75.png 150w, https:\/\/www.asmekanik.com.tr\/wp-content\/uploads\/2021\/03\/pega-2-285x143.png 285w\" sizes=\"auto, (max-width: 300px) 100vw, 300px\" \/><\/a>\n\t\t\t<\/div><\/figure><figure class='gallery-item'>\n\t\t\t<div class='gallery-icon landscape'>\n\t\t\t\t<a data-elementor-open-lightbox=\"no no no no no no\" href='https:\/\/www.asmekanik.com.tr\/wp-content\/uploads\/2021\/03\/elitlogo.jpg'><img loading=\"lazy\" decoding=\"async\" width=\"300\" height=\"150\" src=\"https:\/\/www.asmekanik.com.tr\/wp-content\/uploads\/2021\/03\/elitlogo.jpg\" class=\"attachment-woocommerce_thumbnail size-woocommerce_thumbnail\" alt=\"\" srcset=\"https:\/\/www.asmekanik.com.tr\/wp-content\/uploads\/2021\/03\/elitlogo.jpg 300w, https:\/\/www.asmekanik.com.tr\/wp-content\/uploads\/2021\/03\/elitlogo-285x143.jpg 285w, https:\/\/www.asmekanik.com.tr\/wp-content\/uploads\/2021\/03\/elitlogo-150x75.jpg 150w\" sizes=\"auto, (max-width: 300px) 100vw, 300px\" \/><\/a>\n\t\t\t<\/div><\/figure><figure class='gallery-item'>\n\t\t\t<div class='gallery-icon landscape'>\n\t\t\t\t<a data-elementor-open-lightbox=\"no no no no no no no\" href='https:\/\/www.asmekanik.com.tr\/wp-content\/uploads\/2021\/03\/tecelogo.jpg'><img loading=\"lazy\" decoding=\"async\" width=\"300\" height=\"150\" src=\"https:\/\/www.asmekanik.com.tr\/wp-content\/uploads\/2021\/03\/tecelogo.jpg\" class=\"attachment-woocommerce_thumbnail size-woocommerce_thumbnail\" alt=\"\" srcset=\"https:\/\/www.asmekanik.com.tr\/wp-content\/uploads\/2021\/03\/tecelogo.jpg 300w, https:\/\/www.asmekanik.com.tr\/wp-content\/uploads\/2021\/03\/tecelogo-285x143.jpg 285w, https:\/\/www.asmekanik.com.tr\/wp-content\/uploads\/2021\/03\/tecelogo-150x75.jpg 150w\" sizes=\"auto, (max-width: 300px) 100vw, 300px\" \/><\/a>\n\t\t\t<\/div><\/figure><figure class='gallery-item'>\n\t\t\t<div class='gallery-icon landscape'>\n\t\t\t\t<a data-elementor-open-lightbox=\"no no no no no no no no\" href='https:\/\/www.asmekanik.com.tr\/wp-content\/uploads\/2021\/03\/tkgotologo.jpg'><img loading=\"lazy\" decoding=\"async\" width=\"300\" height=\"150\" src=\"https:\/\/www.asmekanik.com.tr\/wp-content\/uploads\/2021\/03\/tkgotologo.jpg\" class=\"attachment-woocommerce_thumbnail size-woocommerce_thumbnail\" alt=\"\" srcset=\"https:\/\/www.asmekanik.com.tr\/wp-content\/uploads\/2021\/03\/tkgotologo.jpg 300w, https:\/\/www.asmekanik.com.tr\/wp-content\/uploads\/2021\/03\/tkgotologo-150x75.jpg 150w, https:\/\/www.asmekanik.com.tr\/wp-content\/uploads\/2021\/03\/tkgotologo-285x143.jpg 285w\" sizes=\"auto, (max-width: 300px) 100vw, 300px\" \/><\/a>\n\t\t\t<\/div><\/figure>\n\t\t<\/div>\n\t\t<\/div>\n\t\t\t\t<\/div>\n\t\t\t\t<\/div>\n\t\t\t\t\t<\/div>\n\t\t<\/div>\n\t\t\t\t\t\t\t<\/div>\n\t\t<\/section>\n\t\t\t\t<section class=\"elementor-section elementor-top-section elementor-element elementor-element-06e0554 elementor-section-boxed elementor-section-height-default elementor-section-height-default\" data-id=\"06e0554\" data-element_type=\"section\">\n\t\t\t\t\t\t<div class=\"elementor-container elementor-column-gap-no\">\n\t\t\t\t\t<div class=\"elementor-column elementor-col-100 elementor-top-column elementor-element elementor-element-f66cb11\" data-id=\"f66cb11\" data-element_type=\"column\">\n\t\t\t<div class=\"elementor-widget-wrap elementor-element-populated\">\n\t\t\t\t\t\t\t\t<div class=\"elementor-element elementor-element-d517900 elementor-widget elementor-widget-sm-advantages\" data-id=\"d517900\" data-element_type=\"widget\" data-widget_type=\"sm-advantages.default\">\n\t\t\t\t<div class=\"elementor-widget-container\">\n\t\t\t\n\t<div class=\"man_advantages\">\n\n\t\t\t<div class=\"man_adv_carousel owl-carousel\" data-items=\"3\">\n\n\t\t\t\t\t\t<div class=\"man_adv_box\" id=\"efbb7bd\">\n\t\t\t\t<div class=\"man_adv_box_img man_image_bck man_adv_box_img_efbb7bd\" data-image=\"https:\/\/www.asmekanik.com.tr\/wp-content\/uploads\/2021\/03\/ibras.png\"><\/div>\n\t\t\t\t<div class=\"man_adv_box_block\">\n\t\t\t\t\t<div class=\"man_adv_box_block_cont_wb man_wht_txt\">\n\t\t\t\t\t\t<h4>01<\/h4>\n\t\t\t\t\t\t<h2>End\u00fcstriyel Hizmetlerimiz<\/h2>\n\t\t\t\t\t<\/div>\n\t\t\t\t\t<div class=\"man_adv_box_block_cont man_wht_txt\">\n\t\t\t\t\t\t<h4>01<\/h4>\n\t\t\t\t\t\t<h2>End\u00fcstriyel Hizmetlerimiz<\/h2>\n\t\t\t\t\t\t<p>Yang\u0131n Tesisat\u0131,\nBas\u0131n\u00e7l\u0131 Hava,\nIs\u0131tma Tesisat\u0131,\nBuhar,\nDo\u011falgaz,\nHavaland\u0131rma,\nG\u00fcne\u015f Enerjisi,\nK\u0131zg\u0131n Su,\nK\u0131zg\u0131n Ya\u011f,\nKlima,\nProses Is\u0131tma,\nProses So\u011futma,\nSu \u015eartland\u0131rma,\nYerden Is\u0131tma,\nTekstil Havaland\u0131rma,\nS\u0131hh\u0131 Tesisat,\nHavuz Tesisat<\/p>\n\t\t\t\t\t\t<a href=\"https:\/\/www.asmekanik.com.tr#\" class=\"btn btn_transparent\"><i class=\"ti ti-arrow-right\"><\/i><\/a>\n\t\t\t\t\t<\/div>\n\n\t\t\t\t<\/div>\n\n\t\t\t<\/div>\n\n\t\t\t\t\t\t<div class=\"man_adv_box\" id=\"bae3cfe\">\n\t\t\t\t<div class=\"man_adv_box_img man_image_bck man_adv_box_img_bae3cfe\" data-image=\"https:\/\/www.asmekanik.com.tr\/wp-content\/uploads\/2021\/03\/pega-1.png\"><\/div>\n\t\t\t\t<div class=\"man_adv_box_block\">\n\t\t\t\t\t<div class=\"man_adv_box_block_cont_wb man_wht_txt\">\n\t\t\t\t\t\t<h4>02<\/h4>\n\t\t\t\t\t\t<h2>Domestik Hizmetlerimiz<\/h2>\n\t\t\t\t\t<\/div>\n\t\t\t\t\t<div class=\"man_adv_box_block_cont man_wht_txt\">\n\t\t\t\t\t\t<h4>02<\/h4>\n\t\t\t\t\t\t<h2>Domestik Hizmetlerimiz<\/h2>\n\t\t\t\t\t\t<p>Konut,\nOtel,\nHastane,\n\u0130\u015f Merkezi<\/p>\n\t\t\t\t\t\t<a href=\"https:\/\/www.asmekanik.com.tr#\" class=\"btn btn_transparent\"><i class=\"ti ti-arrow-right\"><\/i><\/a>\n\t\t\t\t\t<\/div>\n\n\t\t\t\t<\/div>\n\n\t\t\t<\/div>\n\n\t\t\t\t\t\t<div class=\"man_adv_box\" id=\"6527d41\">\n\t\t\t\t<div class=\"man_adv_box_img man_image_bck man_adv_box_img_6527d41\" data-image=\"https:\/\/www.asmekanik.com.tr\/wp-content\/uploads\/2021\/03\/ibras.png\"><\/div>\n\t\t\t\t<div class=\"man_adv_box_block\">\n\t\t\t\t\t<div class=\"man_adv_box_block_cont_wb man_wht_txt\">\n\t\t\t\t\t\t<h4>03<\/h4>\n\t\t\t\t\t\t<h2>Proje Hizmetlerimiz<\/h2>\n\t\t\t\t\t<\/div>\n\t\t\t\t\t<div class=\"man_adv_box_block_cont man_wht_txt\">\n\t\t\t\t\t\t<h4>03<\/h4>\n\t\t\t\t\t\t<h2>Proje Hizmetlerimiz<\/h2>\n\t\t\t\t\t\t<p>Ruhsat,\nAvan,\nUygulama,\nAsbuilt<\/p>\n\t\t\t\t\t\t<a href=\"https:\/\/www.asmekanik.com.tr\/about-us\/\" class=\"btn btn_transparent\">More Info<i class=\"ti ti-arrow-right\"><\/i><\/a>\n\t\t\t\t\t<\/div>\n\n\t\t\t\t<\/div>\n\n\t\t\t<\/div>\n\n\t\t\t\t\t<\/div>\n\n\t<\/div>\n\n\n\t<script type=\"text\/javascript\">\n\n\t\tjQuery(document).ready(function($) {\n\t\t\t\/\/ Advantages\n\t\t\t$('.man_adv_carousel .man_adv_box_img').each(function(i, el){\n\t\t\t\tif ( i === 0) {\n\t\t\t\t\t\t$(el).addClass('first-item');\n\t\t\t\t}\n\t\t\t\t$(this).insertBefore($(this).parents('.elementor-container'));\n\t\t\t});\n\t\t\t$('.man_adv_box').on({\n\t\t\t\tmouseenter:function(){\n\t\t\t\t\tvar box_id = $(this).attr('id');\n\t\t\t\t\t$('.man_adv_box_img_'+box_id+'').addClass('active');\n\t\t\t\t},mouseleave:function(){\n\t\t\t\t\tvar box_id = $(this).attr('id');\n\t\t\t\t\t$('.man_adv_box_img_'+box_id+'').removeClass('active');\n\t\t\t\t}\n\t\t\t});\n\n\t\t\t$('.man_adv_carousel').each(function(){\n\t\t\t\tvar items = $(this).attr('data-items');\n\t\t\t\t$(this).owlCarousel({\n\t\t\t\t\titems:items,\n\t\t\t\t\tautoplay:0,\n\t\t\t\t\tdots:1,\n\t\t\t\t\tnav:1,\n\t\t\t\t\tnavText:['<i class=\"ti ti-angle-left\"><\/i>','<i class=\"ti ti-angle-right\"><\/i>']\n\t\t\t\t});\n\t\t\t});\n\n\t\t});\n\t<\/script>\n\n\n\t\t\t<\/div>\n\t\t\t\t<\/div>\n\t\t\t\t<div class=\"elementor-element elementor-element-dd3561d elementor-widget elementor-widget-spacer\" data-id=\"dd3561d\" data-element_type=\"widget\" data-widget_type=\"spacer.default\">\n\t\t\t\t<div class=\"elementor-widget-container\">\n\t\t\t\t\t<div class=\"elementor-spacer\">\n\t\t\t<div class=\"elementor-spacer-inner\"><\/div>\n\t\t<\/div>\n\t\t\t\t<\/div>\n\t\t\t\t<\/div>\n\t\t\t\t\t<\/div>\n\t\t<\/div>\n\t\t\t\t\t\t\t<\/div>\n\t\t<\/section>\n\t\t\t\t\t\t<\/div>\n\t\t\t\t\t<\/div>\n\t\t","protected":false},"excerpt":{"rendered":"<p>Asmekanik; end\u00fcstriyel \u0131s\u0131tma ve so\u011futma sistemleri, s\u0131hhi tesisat, domestik sistemleri ve mekanik taahh\u00fct alanlar\u0131nda hizmet vermektedir. Onlar Bize&#8230;<\/p>\n","protected":false},"author":1,"featured_media":0,"parent":0,"menu_order":0,"comment_status":"closed","ping_status":"closed","template":"elementor_header_footer","meta":{"footnotes":""},"class_list":["post-2909","page","type-page","status-publish","hentry"],"_links":{"self":[{"href":"https:\/\/www.asmekanik.com.tr\/index.php?rest_route=\/wp\/v2\/pages\/2909","targetHints":{"allow":["GET"]}}],"collection":[{"href":"https:\/\/www.asmekanik.com.tr\/index.php?rest_route=\/wp\/v2\/pages"}],"about":[{"href":"https:\/\/www.asmekanik.com.tr\/index.php?rest_route=\/wp\/v2\/types\/page"}],"author":[{"embeddable":true,"href":"https:\/\/www.asmekanik.com.tr\/index.php?rest_route=\/wp\/v2\/users\/1"}],"replies":[{"embeddable":true,"href":"https:\/\/www.asmekanik.com.tr\/index.php?rest_route=%2Fwp%2Fv2%2Fcomments&post=2909"}],"version-history":[{"count":14,"href":"https:\/\/www.asmekanik.com.tr\/index.php?rest_route=\/wp\/v2\/pages\/2909\/revisions"}],"predecessor-version":[{"id":3019,"href":"https:\/\/www.asmekanik.com.tr\/index.php?rest_route=\/wp\/v2\/pages\/2909\/revisions\/3019"}],"wp:attachment":[{"href":"https:\/\/www.asmekanik.com.tr\/index.php?rest_route=%2Fwp%2Fv2%2Fmedia&parent=2909"}],"curies":[{"name":"wp","href":"https:\/\/api.w.org\/{rel}","templated":true}]}}